{"id":437,"date":"2025-04-07T12:31:04","date_gmt":"2025-04-07T10:31:04","guid":{"rendered":"https:\/\/komed.lebk-lernen.de\/?page_id=437"},"modified":"2025-06-23T12:11:34","modified_gmt":"2025-06-23T10:11:34","slug":"ueber-uns","status":"publish","type":"page","link":"https:\/\/komed.lebk-lernen.de\/?page_id=437","title":{"rendered":"\u00dcber uns \/ FAQ"},"content":{"rendered":"\n<h1 class=\"wp-block-heading has-x-large-font-size\">\u00dcber uns:<\/h1>\n\n\n\n<p>W\u00e4hrend unserer komed, der Kommunikations-, Medien- &amp; Marketingmesse am LEBK, erhalten die Auszubildenden in Zeitfenstern von 30-45 Minuten wertvollen Input. Fachleute aus den Unternehmen gew\u00e4hren Einblicke in aktuelle Themen, erfolgreiche Kampagnen oder Projekte aus dem Unternehmensalltag.<\/p>\n\n\n\n<p>Dar\u00fcber hinaus sind alle Auszubildenden aktiv in die organisatorische Planung und Durchf\u00fchrung der &#8222;komed 2025&#8220; eingebunden. Sie entwickeln unter anderem eine eigene Landing Page, gestalten Flyer, Logo und Roll-Ups. Sie planen und betreuen den Instagram-Auftritt der &#8222;komed2025&#8220; oder \u00fcbernehmen die Organisation des Caterings f\u00fcr den Tag.<\/p>\n\n\n\n<p>Die Sch\u00fclerinnen und Sch\u00fcler des zweiten Ausbildungsjahres pr\u00e4sentieren zudem Ergebnisse aus Kommunikationsprojekten mit Start-ups oder etablierten Unternehmen.<\/p>\n\n\n\n<figure class=\"wp-block-image size-large is-resized\"><img loading=\"lazy\" decoding=\"async\" width=\"1024\" height=\"576\" src=\"https:\/\/komed.lebk-lernen.de\/wp-content\/uploads\/2025\/05\/Design-ohne-Titel-2-1024x576.png\" alt=\"\" class=\"wp-image-642\" style=\"width:553px;height:auto\" srcset=\"https:\/\/komed.lebk-lernen.de\/wp-content\/uploads\/2025\/05\/Design-ohne-Titel-2-1024x576.png 1024w, https:\/\/komed.lebk-lernen.de\/wp-content\/uploads\/2025\/05\/Design-ohne-Titel-2-300x169.png 300w, https:\/\/komed.lebk-lernen.de\/wp-content\/uploads\/2025\/05\/Design-ohne-Titel-2-768x432.png 768w, https:\/\/komed.lebk-lernen.de\/wp-content\/uploads\/2025\/05\/Design-ohne-Titel-2.png 1366w\" sizes=\"(max-width: 1024px) 100vw, 1024px\" \/><\/figure>\n\n\n\n<p><strong>Q<\/strong>: Wann beginnt die Komed ?&nbsp;<br><strong>A<\/strong>: Die Messe beginnt am 01. Juli 2025 um 08:30 Uhr. Kommt aber gern 15 Minuten eher!&nbsp;<\/p>\n\n\n\n<p><strong>Q<\/strong>: Wie lange geht das Event? &nbsp;<br><strong>A<\/strong>: Das Event geht bis 14:00 Uhr.&nbsp;<br>&nbsp;<br><strong>Q<\/strong>: Ich m\u00f6chte auch spannenden Input f\u00fcr die Sch\u00fcler und Sch\u00fclerinnen auf der komed liefern, wo kann &nbsp;<br>ich mich melden?&nbsp;<br><strong>A<\/strong>: Einfach eine E-Mail an&nbsp;<br>Fabian Dietrich: dietrich@lebk-muenster.de&nbsp;<br>Christoph Thiemann: thiemann@lebk-muenster.de&nbsp;<br>&nbsp;<br><strong>Q<\/strong>: Was passiert auf der Komed? &nbsp;<br><strong>A<\/strong>: An dem Tag bieten wir in Kooperation mit den Ausbildungsbetrieben und weiteren M\u00fcnsteraner Unternehmen einen einzigartigen Austausch unterschiedlichster Medien- und Marketingthemen in den R\u00e4umen unserer Schule. &nbsp;<br>&nbsp;<br><strong>Q<\/strong>: Wer ist an der Komed beteiligt? &nbsp;<br><strong>A<\/strong>: Die Schule, Unternehmen aber INSBESONDERE die Auszubildenden.&nbsp;<br>&nbsp;<br><strong>Q<\/strong>: Was tragen die Azubis und Azubinen zur Komed bei? &nbsp;<br><strong>A<\/strong>: Alle Auszubildenden sind in Projekte, in die organisatorische Planung und Durchf\u00fchrung der \u201ekomed 2025\u201c aktiv eingebunden. Sie entwickeln u.a. eine eigene Landing Page, sowie Flyer, Logo und Roll-Ups. Sie planen und gestalten den Instagram-Auftritt der &#8222;komed2025&#8220; oder \u00fcbernehmen die Organisation des Caterings an dem Tag.&nbsp;<br>&nbsp;<br><strong>Q<\/strong>: Um welche Themen handelt es sich bei den Pr\u00e4sentationen und Workshops? &nbsp;<br><strong>A<\/strong>: Es wird um Social Media Marketing, Influencer Marketing, Nachhaltigkeitskommunikation, Artificial Intelligence, eCommerce, Eventplanung, Media- und Kampagnenplanung, Agiles Projektmanagement sowie SEO, SEA, Analytics und Performance-Tracking oder Website-Optimierung gehen&nbsp;<\/p>\n\n\n\n<p><\/p>\n\n\n\n<p><\/p>\n\n\n\n<p><\/p>\n\n\n\n<p><\/p>\n\n\n\n\n<p><iframe src=\"https:\/\/www.google.com\/maps\/embed?pb=!1m18!1m12!1m3!1d2459.8167395876817!2d7.609820577569862!3d51.93729617920624!2m3!1f0!2f0!3f0!3m2!1i1024!2i768!4f13.1!3m3!1m2!1s0x47b9a53652e44753%3A0x8b120b0d757e5844!2sLudwig-Erhard-Berufskolleg%20M%C3%BCnster!5e0!3m2!1sde!2sde!4v1747647455284!5m2!1sde!2sde\" width=\"1200\" height=\"300\" style=\"border:0;\" allowfullscreen=\"\" loading=\"lazy\" referrerpolicy=\"no-referrer-when-downgrade\"><\/iframe><\/p>","protected":false},"excerpt":{"rendered":"<p>\u00dcber uns: W\u00e4hrend unserer komed, der Kommunikations-, Medien- &amp; Marketingmesse am LEBK, erhalten die Auszubildenden in Zeitfenstern von 30-45 Minuten wertvollen Input. Fachleute aus den Unternehmen gew\u00e4hren Einblicke in aktuelle Themen, erfolgreiche Kampagnen oder Projekte aus dem Unternehmensalltag. Dar\u00fcber hinaus sind alle Auszubildenden aktiv in die organisatorische Planung und Durchf\u00fchrung der &#8222;komed 2025&#8220; eingebunden. Sie [&hellip;]<\/p>\n","protected":false},"author":56,"featured_media":0,"parent":0,"menu_order":0,"comment_status":"closed","ping_status":"closed","template":"","meta":{"saved_in_kubio":true,"footnotes":""},"class_list":["post-437","page","type-page","status-publish","hentry"],"kubio_ai_page_context":{"short_desc":"","purpose":"general"},"_links":{"self":[{"href":"https:\/\/komed.lebk-lernen.de\/index.php?rest_route=\/wp\/v2\/pages\/437","targetHints":{"allow":["GET"]}}],"collection":[{"href":"https:\/\/komed.lebk-lernen.de\/index.php?rest_route=\/wp\/v2\/pages"}],"about":[{"href":"https:\/\/komed.lebk-lernen.de\/index.php?rest_route=\/wp\/v2\/types\/page"}],"author":[{"embeddable":true,"href":"https:\/\/komed.lebk-lernen.de\/index.php?rest_route=\/wp\/v2\/users\/56"}],"replies":[{"embeddable":true,"href":"https:\/\/komed.lebk-lernen.de\/index.php?rest_route=%2Fwp%2Fv2%2Fcomments&post=437"}],"version-history":[{"count":24,"href":"https:\/\/komed.lebk-lernen.de\/index.php?rest_route=\/wp\/v2\/pages\/437\/revisions"}],"predecessor-version":[{"id":927,"href":"https:\/\/komed.lebk-lernen.de\/index.php?rest_route=\/wp\/v2\/pages\/437\/revisions\/927"}],"wp:attachment":[{"href":"https:\/\/komed.lebk-lernen.de\/index.php?rest_route=%2Fwp%2Fv2%2Fmedia&parent=437"}],"curies":[{"name":"wp","href":"https:\/\/api.w.org\/{rel}","templated":true}]}}